{"id":2,"date":"2013-07-16T12:06:19","date_gmt":"2013-07-16T12:06:19","guid":{"rendered":"http:\/\/hotelalpujarra.com\/hnm\/?page_id=2"},"modified":"2013-09-22T18:11:51","modified_gmt":"2013-09-22T18:11:51","slug":"pagina-ejemplo","status":"publish","type":"page","link":"http:\/\/hotelalpujarra.com\/hnm\/","title":{"rendered":""},"content":{"rendered":"<p style=\"text-align: justify;\">E<a href=\"http:\/\/hotelalpujarra.com\/hnm\/wp-content\/uploads\/2013\/09\/Mural.jpg\"><img loading=\"lazy\" decoding=\"async\" class=\"size-medium wp-image-36 alignleft\" alt=\"Mural.jpg\" src=\"http:\/\/hotelalpujarra.com\/hnm\/wp-content\/uploads\/2013\/09\/Mural-300x199.jpg\" width=\"300\" height=\"199\" srcset=\"http:\/\/hotelalpujarra.com\/hnm\/wp-content\/uploads\/2013\/09\/Mural-300x199.jpg 300w, http:\/\/hotelalpujarra.com\/hnm\/wp-content\/uploads\/2013\/09\/Mural-451x300.jpg 451w, http:\/\/hotelalpujarra.com\/hnm\/wp-content\/uploads\/2013\/09\/Mural-120x80.jpg 120w, http:\/\/hotelalpujarra.com\/hnm\/wp-content\/uploads\/2013\/09\/Mural.jpg 860w\" sizes=\"auto, (max-width: 300px) 100vw, 300px\" \/><\/a>l Hotel Nuevo Malague\u00f1o est\u00e1 situado en P\u00f3rtugos, un enclave privilegiado en pleno coraz\u00f3n de Las Alpujarras granadinas y en el centro de Sierra Nevada.<\/p>\n<p style=\"text-align: justify;\">Dentro de los alojamientos rurales que encontramos por la zona destaca los servicios que presta al huesped a un precio m\u00e1s que razonable al estar catalogado con 2 estrellas. Su localizaci\u00f3n es ideal para hacer excursiones a los m\u00e1s bellos parajes de la zona, en un punto estrat\u00e9gico, podemos decidir bien subir al pueblo m\u00e1s alto de la pen\u00ednsula, Trevelez, o perdernos por las calles de Pampaneira, Bubi\u00f3n, Capileira e incluso descubrir peque\u00f1os rincones en Busquistar, el propio P\u00f3rtugos o un sin fin m\u00e1s de lugares que no defraudan.<\/p>\n<p style=\"text-align: justify;\">El ambiente acogedor y familiar de sus propietarios complacen todas las necesidades de los clientes m\u00e1s exigentes. Una oportunidad para estar en contacto con la naturaleza y dejar de lado el estres de la vida actual.<\/p>\n<p class=\"hide-if-no-js\">\n<p>&nbsp;<\/p>\n","protected":false},"excerpt":{"rendered":"<p>El Hotel Nuevo Malague\u00f1o est\u00e1 situado en P\u00f3rtugos, un enclave privilegiado en pleno coraz\u00f3n de Las Alpujarras granadinas y en el centro de Sierra Nevada. Dentro de los alojamientos rurales que encontramos por la zona destaca los servicios que presta &hellip; <a href=\"http:\/\/hotelalpujarra.com\/hnm\/\">Sigue leyendo <span class=\"meta-nav\">&rarr;<\/span><\/a><\/p>\n","protected":false},"author":1,"featured_media":0,"parent":0,"menu_order":0,"comment_status":"closed","ping_status":"open","template":"sidebar-page.php","meta":{"footnotes":""},"class_list":["post-2","page","type-page","status-publish","hentry"],"_links":{"self":[{"href":"http:\/\/hotelalpujarra.com\/hnm\/wp-json\/wp\/v2\/pages\/2","targetHints":{"allow":["GET"]}}],"collection":[{"href":"http:\/\/hotelalpujarra.com\/hnm\/wp-json\/wp\/v2\/pages"}],"about":[{"href":"http:\/\/hotelalpujarra.com\/hnm\/wp-json\/wp\/v2\/types\/page"}],"author":[{"embeddable":true,"href":"http:\/\/hotelalpujarra.com\/hnm\/wp-json\/wp\/v2\/users\/1"}],"replies":[{"embeddable":true,"href":"http:\/\/hotelalpujarra.com\/hnm\/wp-json\/wp\/v2\/comments?post=2"}],"version-history":[{"count":9,"href":"http:\/\/hotelalpujarra.com\/hnm\/wp-json\/wp\/v2\/pages\/2\/revisions"}],"predecessor-version":[{"id":66,"href":"http:\/\/hotelalpujarra.com\/hnm\/wp-json\/wp\/v2\/pages\/2\/revisions\/66"}],"wp:attachment":[{"href":"http:\/\/hotelalpujarra.com\/hnm\/wp-json\/wp\/v2\/media?parent=2"}],"curies":[{"name":"wp","href":"https:\/\/api.w.org\/{rel}","templated":true}]}}